{"id":2401,"date":"2021-11-10T14:09:12","date_gmt":"2021-11-10T05:09:12","guid":{"rendered":"https:\/\/test.tono-tk.com\/?page_id=2401"},"modified":"2023-10-30T01:11:00","modified_gmt":"2023-10-29T16:11:00","slug":"home","status":"publish","type":"page","link":"https:\/\/www.yamata-japan.co.jp\/vi","title":{"rendered":"HOME"},"content":{"rendered":"<article id=\"index\">\n<section id=\"top\">\n<div class=\"phrase\">\n<h1 class=\"tit2\"><img decoding=\"async\" src=\"\/site\/img\/index\/key_tit1.svg\" alt=\"\" \/><\/h1>\n<h1 class=\"tit\"><img decoding=\"async\" src=\"\/site\/img\/index\/key_tit2.svg\" alt=\"\" \/><\/h1>\n<\/div>\n<div class=\"swiper-container\">\n<div class=\"swiper-wrapper wow fadeInUp\">\n<div class=\"swiper-slide\">\n<div class=\"slide slide01\"><\/div>\n<\/div>\n<div class=\"swiper-slide\">\n<div class=\"slide slide02\"><\/div>\n<\/div>\n<div class=\"swiper-slide\">\n<div class=\"slide slide03\"><\/div>\n<\/div>\n<div class=\"swiper-slide\">\n<div class=\"slide slide04\"><\/div>\n<\/div>\n<div class=\"swiper-slide\">\n<div class=\"slide slide05\"><\/div>\n<\/div>\n<div class=\"swiper-slide\">\n<div class=\"slide slide06\"><\/div>\n<\/div>\n<\/div>\n<p><!--\n\n\n<div class=\"swiper-pagination\"><\/div>\n\n\n--><\/p>\n<\/div>\n<\/section>\n<section id=\"lead\" class=\"sec\">\n<div class=\"inner\">\n<div class=\"txt_line\">\n<h3 class=\"tit\">Ch\u1ee7 \u0111\u1ec1 l\u00e0 phong c\u00e1ch Nh\u1eadt B\u1ea3n ch\u00ednh th\u1ed1ng. Cung c\u1ea5p b\u00e1t \u0111\u0129a Nh\u1eadt B\u1ea3n th\u01b0\u1edfng th\u1ee9c \u0111\u01b0\u1ee3c b\u1ed1n m\u00f9a ra kh\u1eafp th\u1ebf gi\u1edbi.<\/h3>\n<p>Trong nh\u1eefng n\u0103m g\u1ea7n \u0111\u00e2y, m\u00f3n \u0103n Nh\u1eadt B\u1ea3n \u0111\u00e3 lan r\u1ed9ng ra n\u01b0\u1edbc ngo\u00e0i, \u0111\u01b0\u1ee3c th\u01b0\u1edfng th\u1ee9c t\u1ea1i nhi\u1ec1u n\u01b0\u1edbc tr\u00ean th\u1ebf gi\u1edbi, nhi\u1ec1u nh\u00e0 h\u00e0ng m\u00f3n \u0103n Nh\u1eadt B\u1ea3n \u0111\u01b0\u1ee3c m\u1edf ra, hi\u1ec7n nay n\u00f3 \u0111ang tr\u1edf th\u00e0nh m\u1ed9t m\u00f3n \u0103n ch\u00ednh v\u00e0 \u0111\u01b0\u1ee3c m\u1ecdi ng\u01b0\u1eddi tr\u00ean th\u1ebf gi\u1edbi y\u00eau th\u00edch. H\u01b0\u01a1ng v\u1ecb v\u00e0 m\u00e0u s\u1eafc tinh t\u1ebf t\u1ea1o c\u1ea3m gi\u00e1c b\u1ed1n m\u00f9a s\u1ebd mang \u0111\u1ebfn c\u1ea3m gi\u00e1c m\u1ea1nh m\u1ebd v\u1ec1 s\u1ef1 m\u1ed9t \u0111\u1ea5t n\u01b0\u1edbc xa l\u1ea1 trong m\u1eaft ng\u01b0\u1eddi n\u01b0\u1edbc ngo\u00e0i, \u0111\u00e2y l\u00e0 b\u1eb1ng ch\u1ee9ng cho th\u1ea5y m\u00f3n \u0103n v\u00e0 b\u00e1t \u0111\u0129a Nh\u1eadt B\u1ea3n \u0111\u01b0\u1ee3c \u0111\u00e1nh gi\u00e1 r\u1ea5t cao. Ch\u00fang t\u00f4i tin r\u1eb1ng vi\u1ec7c \u0111\u01b0a b\u00e1t \u0111\u0129a Nh\u1eadt B\u1ea3n n\u00e0y \u0111\u1ebfn v\u1edbi m\u1ecdi ng\u01b0\u1eddi tr\u00ean th\u1ebf gi\u1edbi l\u00e0 s\u1ee9 m\u1ec7nh c\u1ee7a ch\u00fang t\u00f4i.<\/p>\n<\/div>\n<div class=\"btn_blk\"><a href=\".\/company\">V\u1ec1 YAMATA SEIHOU<\/a><\/div>\n<\/div>\n<\/section>\n<section id=\"service\">\n<div class=\"mainimg\"><\/div>\n<div class=\"conts\">\n<div class=\"wrap\">\n<div class=\"hd_chap heading\">\n<h2 class=\"tit_std tit\">Nh\u1eefng \u0111i\u1ec1u ch\u00fang t\u00f4i c\u00f3 th\u1ec3 l\u00e0m<\/h2>\n<p class=\"tit_en\">SERVICES<\/p>\n<\/div>\n<ul class=\"ul_service\">\n<li>\n<div class=\"tmb\"><img decoding=\"async\" src=\"\/site\/img\/index\/srv_thum1.jpg\" alt=\"\" \/><\/div>\n<div class=\"cap\">\n<h3 class=\"tit\">B\u00e1n xu\u1ea5t kh\u1ea9u ra n\u01b0\u1edbc ngo\u00e0i<\/h3>\n<p class=\"desc\">\u0110\u1ec3 cung c\u1ea5p b\u00e1t \u0111\u0129a Nh\u1eadt B\u1ea3n cho ng\u01b0\u1eddi d\u00e2n \u1edf n\u01b0\u1edbc ngo\u00e0i t\u1eadp trung v\u00e0o \u00c2u M\u1ef9, Ch\u00e2u \u00c2u v\u00e0 khu v\u1ef1c Ch\u00e2u \u00c1, ch\u00fang t\u00f4i h\u1ed7 tr\u1ee3 m\u1ed9t c\u00e1ch to\u00e0n di\u1ec7n c\u00e1c nghi\u1ec7p v\u1ee5 li\u00ean quan \u0111\u1ebfn xu\u1ea5t kh\u1ea9u nh\u01b0 x\u1ebfp h\u00e0ng h\u00f3a theo \u0111\u01a1n \u0111\u1eb7t h\u00e0ng v\u00e0 th\u1ee7 t\u1ee5c th\u00f4ng quan, v.v&#8230;<\/p>\n<\/div>\n<div class=\"btn_blk\"><a class=\"btn_std1 btn\" href=\".\/service#biz1\">Xem chi ti\u1ebft<\/a><\/div>\n<\/li>\n<li>\n<div class=\"tmb\"><img decoding=\"async\" src=\"\/site\/img\/index\/srv_thum2.jpg\" alt=\"\" \/><\/div>\n<div class=\"cap\">\n<h3 class=\"tit\">B\u00e1n s\u1ec9 trong n\u01b0\u1edbc<\/h3>\n<p class=\"desc\">Ch\u00fang t\u00f4i \u0111\u01b0a ra \u0111\u1ec1 xu\u1ea5t s\u1ea3n ph\u1ea9m \u0111a d\u1ea1ng cho c\u00e1c c\u1eeda h\u00e0ng \u0103n u\u1ed1ng, c\u1eeda h\u00e0ng b\u00e1n s\u1ed1 l\u01b0\u1ee3ng l\u1edbn<br \/>\nc\u1eeda h\u00e0ng b\u00e1n l\u1ebb v\u00e0 c\u00e1c c\u00f4ng ty th\u01b0\u01a1ng m\u1ea1i tr\u00ean to\u00e0n qu\u1ed1c. Ch\u00fang t\u00f4i n\u1ed7 l\u1ef1c \u0111\u1ed1i \u1ee9ng x\u1eed l\u00fd nhanh ch\u00f3ng<br \/>\nc\u00f3 nhi\u1ec1u lo\u1ea1i s\u1ea3n ph\u1ea9m d\u00e0nh cho c\u00f4ng vi\u1ec7c c\u1ee7a ng\u01b0\u1eddi d\u00f9ng cu\u1ed1i<\/p>\n<\/div>\n<div class=\"btn_blk\"><a class=\"btn_std1 btn\" href=\".\/service#biz2\">Xem chi ti\u1ebft<\/a><\/div>\n<\/li>\n<\/ul>\n<\/div>\n<\/div>\n<\/section>\n<section id=\"catalog\">\n<div class=\"wrap\">\n<div class=\"hd_chap heading\">\n<h2 class=\"tit_std tit\">Tsunagu<\/h2>\n<p class=\"tit_en\">Catalog g\u1ed1c \u201cTsunagu &#8211; K\u1ebft n\u1ed1i\u201d.<\/p>\n<\/div>\n<div class=\"txt_line\">\n<h3 class=\"tit\">\u0110\u00e2y l\u00e0 catalog ch\u1ee9a \u0111\u1ea7y nh\u1eefng n\u00e9t quy\u1ebfn r\u0169 c\u1ee7a Nh\u1eadt B\u1ea3n.<\/h3>\n<p>V\u1ebb \u0111\u1eb9p v\u00e0 h\u1ecda ti\u1ebft c\u0169ng nh\u01b0 c\u00e1ch s\u1eed d\u1ee5ng m\u00e0u s\u1eafc v\u00e0 c\u1ea5u tr\u00fac b\u1ec1 m\u1eb7t c\u1ee7a b\u00e1t \u0111\u0129a Nh\u1eadt B\u1ea3n c\u0169ng l\u00e0 m\u1ed9t tuy\u1ec7t ph\u1ea9m c\u00f3 th\u1ec3 t\u1ef1 h\u00e0o tr\u00ean th\u1ebf gi\u1edbi. V\u1ebb \u0111\u1eb9p truy\u1ec1n th\u1ed1ng v\u00e0 ch\u1ee7 ngh\u0129a hi\u1ec7n \u0111\u1ea1i \u0111\u00e3 h\u00f2a h\u1ee3p v\u1edbi nhau \u0111\u1ec3 t\u1ea1o ra m\u1ed9t h\u00ecnh th\u1ee9c m\u1edbi v\u00e0 xu\u1ea5t hi\u1ec7n r\u1ef1c r\u1ee1. Ch\u00fang t\u00f4i cung c\u1ea5p \u201cTsunagu Catalog\u201d, l\u00e0 c\u1ea7u n\u1ed1i v\u1edbi t\u1ea5t c\u1ea3 m\u1ecdi ng\u01b0\u1eddi tr\u00ean th\u1ebf gi\u1edbi.<\/p>\n<\/div>\n<\/div>\n<div class=\"pickup\">\n<h4 class=\"tit\">PICK UP<\/h4>\n<div class=\"in_slider slide-paused\">\n<ul class=\"slideshow\">\n<li class=\"std\"><img decoding=\"async\" src=\"\/site\/img\/index\/catalog_tmb01.jpg\" alt=\"\" \/><\/li>\n<li class=\"std\"><img decoding=\"async\" src=\"\/site\/img\/index\/catalog_tmb02.jpg\" alt=\"\" \/><\/li>\n<li class=\"std\"><img decoding=\"async\" src=\"\/site\/img\/index\/catalog_tmb03.jpg\" alt=\"\" \/><\/li>\n<li class=\"std\"><img decoding=\"async\" src=\"\/site\/img\/index\/catalog_tmb04.jpg\" alt=\"\" \/><\/li>\n<li class=\"std\"><img decoding=\"async\" src=\"\/site\/img\/index\/catalog_tmb05.jpg\" alt=\"\" \/><\/li>\n<li class=\"std\"><img decoding=\"async\" src=\"\/site\/img\/index\/catalog_tmb06.jpg\" alt=\"\" \/><\/li>\n<li class=\"std\"><img decoding=\"async\" src=\"\/site\/img\/index\/catalog_tmb07.jpg\" alt=\"\" \/><\/li>\n<li class=\"std\"><img decoding=\"async\" src=\"\/site\/img\/index\/catalog_tmb08.jpg\" alt=\"\" \/><\/li>\n<li class=\"std\"><img decoding=\"async\" src=\"\/site\/img\/index\/catalog_tmb09.jpg\" alt=\"\" \/><\/li>\n<li class=\"std\"><img decoding=\"async\" src=\"\/site\/img\/index\/catalog_tmb10.jpg\" alt=\"\" \/><\/li>\n<li class=\"std\"><img decoding=\"async\" src=\"\/site\/img\/index\/catalog_tmb11.jpg\" alt=\"\" \/><\/li>\n<li class=\"std\"><img decoding=\"async\" src=\"\/site\/img\/index\/catalog_tmb12.jpg\" alt=\"\" \/><\/li>\n<li class=\"std\"><img decoding=\"async\" src=\"\/site\/img\/index\/catalog_tmb13.jpg\" alt=\"\" \/><\/li>\n<li class=\"std\"><img decoding=\"async\" src=\"\/site\/img\/index\/catalog_tmb14.jpg\" alt=\"\" \/><\/li>\n<li class=\"std\"><img decoding=\"async\" src=\"\/site\/img\/index\/catalog_tmb15.jpg\" alt=\"\" \/><\/li>\n<li class=\"std\"><img decoding=\"async\" src=\"\/site\/img\/index\/catalog_tmb16.jpg\" alt=\"\" \/><\/li>\n<li class=\"std\"><img decoding=\"async\" src=\"\/site\/img\/index\/catalog_tmb17.jpg\" alt=\"\" \/><\/li>\n<li class=\"std\"><img decoding=\"async\" src=\"\/site\/img\/index\/catalog_tmb18.jpg\" alt=\"\" \/><\/li>\n<li class=\"std\"><img decoding=\"async\" src=\"\/site\/img\/index\/catalog_tmb19.jpg\" alt=\"\" \/><\/li>\n<li class=\"std\"><img decoding=\"async\" src=\"\/site\/img\/index\/catalog_tmb20.jpg\" alt=\"\" \/><\/li>\n<\/ul>\n<p><!--\u753b\u50cf\u3092\uff12\u56de\u8aad\u307f\u8fbc\u3080\u306f\u9014\u5207\u308c\u306a\u304f\u3059\u308b\u305f\u3081--><\/p>\n<ul class=\"slideshow\">\n<li class=\"std\"><img decoding=\"async\" src=\"\/site\/img\/index\/catalog_tmb01.jpg\" alt=\"\" \/><\/li>\n<li class=\"std\"><img decoding=\"async\" src=\"\/site\/img\/index\/catalog_tmb02.jpg\" alt=\"\" \/><\/li>\n<li class=\"std\"><img decoding=\"async\" src=\"\/site\/img\/index\/catalog_tmb03.jpg\" alt=\"\" \/><\/li>\n<li class=\"std\"><img decoding=\"async\" src=\"\/site\/img\/index\/catalog_tmb04.jpg\" alt=\"\" \/><\/li>\n<li class=\"std\"><img decoding=\"async\" src=\"\/site\/img\/index\/catalog_tmb05.jpg\" alt=\"\" \/><\/li>\n<li class=\"std\"><img decoding=\"async\" src=\"\/site\/img\/index\/catalog_tmb06.jpg\" alt=\"\" \/><\/li>\n<li class=\"std\"><img decoding=\"async\" src=\"\/site\/img\/index\/catalog_tmb07.jpg\" alt=\"\" \/><\/li>\n<li class=\"std\"><img decoding=\"async\" src=\"\/site\/img\/index\/catalog_tmb08.jpg\" alt=\"\" \/><\/li>\n<li class=\"std\"><img decoding=\"async\" src=\"\/site\/img\/index\/catalog_tmb09.jpg\" alt=\"\" \/><\/li>\n<li class=\"std\"><img decoding=\"async\" src=\"\/site\/img\/index\/catalog_tmb10.jpg\" alt=\"\" \/><\/li>\n<li class=\"std\"><img decoding=\"async\" src=\"\/site\/img\/index\/catalog_tmb11.jpg\" alt=\"\" \/><\/li>\n<li class=\"std\"><img decoding=\"async\" src=\"\/site\/img\/index\/catalog_tmb12.jpg\" alt=\"\" \/><\/li>\n<li class=\"std\"><img decoding=\"async\" src=\"\/site\/img\/index\/catalog_tmb13.jpg\" alt=\"\" \/><\/li>\n<li class=\"std\"><img decoding=\"async\" src=\"\/site\/img\/index\/catalog_tmb14.jpg\" alt=\"\" \/><\/li>\n<li class=\"std\"><img decoding=\"async\" src=\"\/site\/img\/index\/catalog_tmb15.jpg\" alt=\"\" \/><\/li>\n<li class=\"std\"><img decoding=\"async\" src=\"\/site\/img\/index\/catalog_tmb16.jpg\" alt=\"\" \/><\/li>\n<li class=\"std\"><img decoding=\"async\" src=\"\/site\/img\/index\/catalog_tmb17.jpg\" alt=\"\" \/><\/li>\n<li class=\"std\"><img decoding=\"async\" src=\"\/site\/img\/index\/catalog_tmb18.jpg\" alt=\"\" \/><\/li>\n<li class=\"std\"><img decoding=\"async\" src=\"\/site\/img\/index\/catalog_tmb19.jpg\" alt=\"\" \/><\/li>\n<li class=\"std\"><img decoding=\"async\" src=\"\/site\/img\/index\/catalog_tmb20.jpg\" alt=\"\" \/><\/li>\n<\/ul>\n<\/div>\n<\/div>\n<div class=\"btn_blk\">\n<p><a class=\"btn_std1 btn\" href=\".\/catalog\">Xem catalog<\/a><\/p>\n<\/div>\n<\/section>\n<section id=\"process\">\n<div class=\"mainimg\"><\/div>\n<div class=\"conts\">\n<div class=\"wrap\">\n<div class=\"gr_yt\">\n<div class=\"blk_yt\">\n<div class=\"hd_chap heading\">\n<h2 class=\"tit_std tit\">Quy tr\u00ecnh cho \u0111\u1ebfn khi b\u00e1t \u0111\u0129a \u0111\u01b0\u1ee3c h\u00ecnh th\u00e0nh<\/h2>\n<p class=\"tit_en\">The process of making pottery<\/p>\n<\/p><\/div>\n<div class=\"youtube\"><iframe loading=\"lazy\" width=\"560\" height=\"315\" src=\"https:\/\/www.youtube.com\/embed\/a8VrhWI7phQ\" title=\"YouTube video player\" frameborder=\"0\" allow=\"accelerometer; autoplay; clipboard-write; encrypted-media; gyroscope; picture-in-picture\" allowfullscreen><\/iframe><\/div>\n<div class=\"btn_blk\"><a class=\"btn_std1 btn\" href=\".\/process\">Xem gi\u1ea3i th\u00edch<\/a><\/div>\n<\/p><\/div>\n<div class=\"blk_yt\">\n<div class=\"hd_chap heading\">\n<h2 class=\"tit_std tit\">Kho\u1ea3ng YAMATA SEIHOU Co.,Ltd<\/h2>\n<p class=\"tit_en\">Corporate information<\/p>\n<\/p><\/div>\n<div class=\"youtube\"><iframe loading=\"lazy\" width=\"560\" height=\"315\" src=\"https:\/\/www.youtube.com\/embed\/ewdNCThBfQo?si=7OsZcd5XYLRyUoEp\" title=\"YouTube video player\" frameborder=\"0\" allow=\"accelerometer; autoplay; clipboard-write; encrypted-media; gyroscope; picture-in-picture; web-share\" allowfullscreen><\/iframe><\/div>\n<\/p><\/div>\n<\/div>\n<\/div>\n<\/div>\n<\/section>\n<\/article>\n","protected":false},"excerpt":{"rendered":"<p>Ch\u1ee7 \u0111\u1ec1 l\u00e0 phong c\u00e1ch Nh\u1eadt B\u1ea3n ch\u00ednh th\u1ed1ng. Cung c\u1ea5p b\u00e1t \u0111\u0129a Nh\u1eadt B\u1ea3n th\u01b0\u1edfng th\u1ee9c \u0111\u01b0\u1ee3c b\u1ed1n m\u00f9a ra kh\u1eafp th\u1ebf gi\u1edbi. Trong nh\u1eefng n\u0103m g\u1ea7n \u0111\u00e2y, m\u00f3n \u0103n Nh\u1eadt B\u1ea3n \u0111\u00e3 lan r\u1ed9ng ra n\u01b0\u1edbc ngo\u00e0i, \u0111\u01b0\u1ee3c th\u01b0\u1edfng th\u1ee9c t\u1ea1i nhi\u1ec1u n\u01b0\u1edbc tr\u00ean th\u1ebf gi\u1edbi, nhi\u1ec1u nh\u00e0 h\u00e0ng m\u00f3n \u0103n Nh\u1eadt B\u1ea3n \u0111\u01b0\u1ee3c m\u1edf ra, hi\u1ec7n nay n\u00f3 \u0111ang tr\u1edf th\u00e0nh m\u1ed9t m\u00f3n \u0103n ch\u00ednh v\u00e0 \u0111\u01b0\u1ee3c m\u1ecdi ng\u01b0\u1eddi tr\u00ean th\u1ebf gi\u1edbi y\u00eau th\u00edch. H\u01b0\u01a1ng v\u1ecb v\u00e0 m\u00e0u s\u1eafc tinh t\u1ebf t\u1ea1o c\u1ea3m gi\u00e1c b\u1ed1n m\u00f9a s\u1ebd mang \u0111\u1ebfn c\u1ea3m gi\u00e1c m\u1ea1nh m\u1ebd v\u1ec1 s\u1ef1 m\u1ed9t \u0111\u1ea5t n\u01b0\u1edbc xa l\u1ea1 trong m\u1eaft ng\u01b0\u1eddi n\u01b0\u1edbc ngo\u00e0i, \u0111\u00e2y l\u00e0 [&hellip;]<\/p>\n","protected":false},"author":1,"featured_media":0,"parent":0,"menu_order":0,"comment_status":"closed","ping_status":"closed","template":"","meta":{"footnotes":""},"class_list":["post-2401","page","type-page","status-publish","hentry"],"aioseo_notices":[],"_links":{"self":[{"href":"https:\/\/www.yamata-japan.co.jp\/vi\/wp-json\/wp\/v2\/pages\/2401","targetHints":{"allow":["GET"]}}],"collection":[{"href":"https:\/\/www.yamata-japan.co.jp\/vi\/wp-json\/wp\/v2\/pages"}],"about":[{"href":"https:\/\/www.yamata-japan.co.jp\/vi\/wp-json\/wp\/v2\/types\/page"}],"author":[{"embeddable":true,"href":"https:\/\/www.yamata-japan.co.jp\/vi\/wp-json\/wp\/v2\/users\/1"}],"replies":[{"embeddable":true,"href":"https:\/\/www.yamata-japan.co.jp\/vi\/wp-json\/wp\/v2\/comments?post=2401"}],"version-history":[{"count":5,"href":"https:\/\/www.yamata-japan.co.jp\/vi\/wp-json\/wp\/v2\/pages\/2401\/revisions"}],"predecessor-version":[{"id":10607,"href":"https:\/\/www.yamata-japan.co.jp\/vi\/wp-json\/wp\/v2\/pages\/2401\/revisions\/10607"}],"wp:attachment":[{"href":"https:\/\/www.yamata-japan.co.jp\/vi\/wp-json\/wp\/v2\/media?parent=2401"}],"curies":[{"name":"wp","href":"https:\/\/api.w.org\/{rel}","templated":true}]}}