{"id":2441,"date":"2021-11-10T14:34:04","date_gmt":"2021-11-10T05:34:04","guid":{"rendered":"https:\/\/test.tono-tk.com\/?page_id=2441"},"modified":"2025-01-23T19:46:33","modified_gmt":"2025-01-23T10:46:33","slug":"service","status":"publish","type":"page","link":"https:\/\/www.yamata-japan.co.jp\/pt-pt\/service","title":{"rendered":"\u79c1\u305f\u3061\u306b\u3067\u304d\u308b\u3053\u3068"},"content":{"rendered":"<p><main role=\"main\" class=\"main_service\"><\/p>\n<section class=\"pagetitle\">\n<div class=\"wrap\">\n<div class=\"heading\">\n<h1 class=\"tit\">O que n\u00f3s podemos fazer?<\/h1>\n<p class=\"tit_en\">SERVICES<\/p>\n<\/div>\n<\/div>\n<\/section>\n<div id=\"lead\" class=\"sec sec_lead\">\n<div class=\"wrap\">\n<h2 class=\"tit\">Queremos divulgar a excelente qualidade desta zona de produ\u00e7\u00e3o e o esplendor dos utens\u00edlios japoneses para o mundo.<\/h2>\n<\/div>\n<\/div>\n<section id=\"biz1\" class=\"sec sec_biz sec_biz1\">\n<div class=\"inner\">\n<div class=\"heading\">\n<h2 class=\"tit_sec tit\">Exporta\u00e7\u00e3o<\/h2>\n<\/div>\n<div class=\"ssec ssec1\">\n<div class=\"one tmb\"><img decoding=\"async\" src=\"\/site\/img\/service\/biz_gr1_tmb1.jpg\" alt=\"\" \/><\/div>\n<div class=\"two\">\n<h3 class=\"tit\">Oferecemos propostas integrais para<\/h3>\n<h3 class=\"tit\">a melhor sele\u00e7\u00e3o log\u00edstica e solu\u00e7\u00f5es comerciais adequadas.<\/h3>\n<div class=\"tmb\"><img decoding=\"async\" src=\"\/site\/img\/service\/biz_gr1_tmb2.png\" alt=\"\" \/><\/div>\n<\/div>\n<div class=\"three\">\n<div class=\"txt_line\">\n<p>Gostar\u00edamos de contribuir no enriquecimento da vida das pessoas ao redor do mundo, tornando-nos uma ponte entre pessoas de muitos pa\u00edses e a cer\u00e2mica de classe mundial &#8220;Made in Japan&#8221;.<\/p>\n<p>Exportamos cer\u00e2mica e porcelana Mino de classe mundial &#8220;Made in Japan&#8221;, com controle de qualidade meticuloso, para usu\u00e1rios estrangeiros.<\/p>\n<p>A nossa empresa realiza todas os tr\u00e2mites de exporta\u00e7\u00e3o seguindo os acordos comerciais complicados de exporta\u00e7\u00e3o, como FCL \/ LCL e EPA \/ FTA, por isso garantimos a entrega segura dos produtos.<\/p>\n<\/div>\n<\/div>\n<\/div>\n<div class=\"ssec ssec2\">\n<div class=\"sect_blk sect_blk1\">\n<ul class=\"ul_thum\">\n<li><img decoding=\"async\" src=\"\/site\/img\/service\/biz_gr2_tmb1.jpg\" alt=\"\" \/><\/li>\n<li><img decoding=\"async\" src=\"\/site\/img\/service\/biz_gr2_tmb2.jpg\" alt=\"\" \/><\/li>\n<li><img decoding=\"async\" src=\"\/site\/img\/service\/biz_gr2_tmb3.jpg\" alt=\"\" \/><\/li>\n<li>\n<div class=\"box_txt\">\n<h4 class=\"tit\">FCL(Full Container Load)<\/h4>\n<p>Levamos o cont\u00eainer para as instala\u00e7\u00f5es da empresa e realizamos o \u201cVanninng\u201d (trabalho de carregamento dos produtos).<\/p>\n<\/div>\n<\/li>\n<\/ul>\n<\/div>\n<div class=\"sect_blk sect_blk2\">\n<ul class=\"ul_thum\">\n<li><img decoding=\"async\" src=\"\/site\/img\/service\/biz_gr3_tmb1.jpg\" alt=\"\" \/><\/li>\n<li><img decoding=\"async\" src=\"\/site\/img\/service\/biz_gr3_tmb2.jpg\" alt=\"\" \/><\/li>\n<li><img decoding=\"async\" src=\"\/site\/img\/service\/biz_gr3_tmb3.jpg\" alt=\"\" \/><\/li>\n<li>\n<div class=\"box_txt\">\n<h4 class=\"tit\">LCL(Less Than Container Load)<\/h4>\n<p>Reduzimos os riscos de danos embalando os produtos em paletes.<\/p>\n<\/div>\n<\/li>\n<\/ul>\n<\/div>\n<div class=\"sect_blk sect_blk3\">\n<ul class=\"ul_thum\">\n<li><img decoding=\"async\" src=\"\/site\/img\/service\/biz_gr4_tmb1.jpg\" alt=\"\" \/><\/li>\n<li>\n<div class=\"box_txt\">\n<h4 class=\"tit\">Air Service(\u822a\u7a7a\u4fbf)<\/h4>\n<p>As entregas urgentes s\u00e3o enviadas por via a\u00e9rea &#8220;Door to Door&#8221; (entrega na porta do cliente) rapidamente para muitos pa\u00edses ao redor do mundo.<\/p>\n<\/div>\n<\/li>\n<\/ul>\n<\/div>\n<\/div>\n<div class=\"ssec ssec3\">\n<div class=\"lo lo1\">\n<div class=\"tmb\"><img decoding=\"async\" src=\"\/site\/img\/service\/biz_gr5_tmb1.png\" alt=\"\" \/><\/div>\n<div class=\"txt\">\n<div class=\"gr\">\n<h4 class=\"tit\">EPA(Economic Partnership Agreement)<\/h4>\n<p>O Acordo de Associa\u00e7\u00e3o Econ\u00f4mica (EPA) \u00e9 um tratado que promove o com\u00e9rcio e a invers\u00e3o entre pa\u00edses e regi\u00f5es espec\u00edficas.<\/p>\n<\/div>\n<div class=\"gr\">\n<h4 class=\"tit\">FTA(Free Trade Agreement)<\/h4>\n<p>O Tratado de Livre Com\u00e9rcio (FTA) \u00e9 um acordo para estabelecer a liberaliza\u00e7\u00e3o comercial entre dois ou mais pa\u00edses \/ regi\u00f5es espec\u00edficas.<\/p>\n<\/div>\n<\/div>\n<\/div>\n<\/div>\n<\/div>\n<\/section>\n<section id=\"biz2\" class=\"sec sec_biz sec_biz2\">\n<div class=\"inner\">\n<div class=\"ssec ssec1\">\n<div class=\"tmb\">\n<div class=\"mainimage\"><img decoding=\"async\" src=\"\/site\/img\/service\/biz2_tmb1.jpg\" alt=\"\" \/><\/div>\n<div class=\"subimages\">\n<ul class=\"ul_img\"><!--\n \t\n\n<li><img decoding=\"async\" src=\"\/site\/img\/service\/biz2_tmb2.jpg\" alt=\"\"><\/li>\n\n\n--><\/p>\n<li><img decoding=\"async\" src=\"\/site\/img\/service\/biz2_tmb3.jpg\" alt=\"\" \/><\/li>\n<\/ul>\n<\/div>\n<\/div>\n<div class=\"txt\">\n<div class=\"txt_line\">\n<p>Oferecemos uma ampla variedade de produtos para uma ampla variedade de restaurantes e varejistas no Jap\u00e3o, bem como para grandes varejistas.<\/p>\n<p>Tamb\u00e9m vendemos em pequenos lotes. Acreditamos que nossa fortaleza \u00e9 poder entregar produtos de maneira est\u00e1vel aos clientes em todo o pa\u00eds.<\/p>\n<p>Estamos diariamente atentos \u00e0s tend\u00eancias do mercado e podemos preparar utens\u00edlios que v\u00e3o agradar a todas as gera\u00e7\u00f5es, desde os utens\u00edlios tradicionais aos que correspondem \u00e0s tend\u00eancias mais recentes.<\/p>\n<\/div>\n<\/div>\n<\/div>\n<\/div>\n<\/section>\n<article id=\"catalog\" class=\"catalog\">\n<div class=\"inner\">\n<h2 class=\"tit_sec tit\"><strong>Cat\u00e1logos<\/strong><\/h2>\n<ul class=\"ul_catalog\">\n<li>\n<div class=\"thum\"><img decoding=\"async\" src=\"\/site\/img\/service\/catalog_thum1.png\" alt=\"\" \/><\/div>\n<p class=\"cap\">Tsunagu<span class=\"att\">\u3064\u306a\u3050<\/span><\/p>\n<div class=\"btn_blk\"><a href=\"https:\/\/www.adjustbook.com\/doc\/us\/11095\/bk\/19202\" target=\"_blank\" class=\"btn_std1 btn\" rel=\"noopener\">Ver cat\u00e1logo<\/a><\/div>\n<\/li>\n<li>\n<div class=\"thum\"><img decoding=\"async\" src=\"\/site\/img\/service\/catalog_thum2.png\" alt=\"\" \/><\/div>\n<p class=\"cap\">\u5668\u8535<span class=\"att\">KIGURA<\/span><\/p>\n<div class=\"btn_blk\"><a href=\"http:\/\/www.kigura.com\/catalog\/vol12\/book\/\" target=\"_blank\" class=\"btn_std1 btn\" rel=\"noopener\">Ver cat\u00e1logo<\/a><\/div>\n<\/li>\n<li>\n<div class=\"thum\"><img decoding=\"async\" src=\"\/site\/img\/service\/catalog_thum3.png\" alt=\"\" \/><\/div>\n<p class=\"cap\">TABLE WARE<\/p>\n<div class=\"btn_blk\"><a href=\"\/pdf\/tableware_vol58.pdf\" target=\"_blank\" class=\"btn_std1 btn\" rel=\"noopener\">Ver cat\u00e1logo<\/a><\/div>\n<\/li>\n<\/ul>\n<p class=\"txt_conv\">Contate-nos <a href=\"\/contact\">aqui <\/a>para solicitar um cat\u00e1logo impresso.<\/p>\n<\/div>\n<div class=\"footimg\"><\/div>\n<\/article>\n<p><\/main><\/p>\n","protected":false},"excerpt":{"rendered":"<p>O que n\u00f3s podemos fazer? SERVICES Queremos divulgar a excelente qualidade desta zona de produ\u00e7\u00e3o e o esplendor dos utens\u00edlios japoneses para o mundo. Exporta\u00e7\u00e3o Oferecemos propostas integrais para a melhor sele\u00e7\u00e3o log\u00edstica e solu\u00e7\u00f5es comerciais adequadas. Gostar\u00edamos de contribuir no enriquecimento da vida das pessoas ao redor do mundo, tornando-nos uma ponte entre pessoas de muitos pa\u00edses e a cer\u00e2mica de classe mundial &#8220;Made in Japan&#8221;. Exportamos cer\u00e2mica e porcelana Mino de classe mundial &#8220;Made in Japan&#8221;, com controle de qualidade meticuloso, para usu\u00e1rios estrangeiros. A nossa empresa realiza todas os tr\u00e2mites de exporta\u00e7\u00e3o seguindo os acordos comerciais complicados de exporta\u00e7\u00e3o, como FCL \/ LCL e EPA \/ FTA, [&hellip;]<\/p>\n","protected":false},"author":1,"featured_media":0,"parent":0,"menu_order":0,"comment_status":"closed","ping_status":"closed","template":"","meta":{"footnotes":""},"class_list":["post-2441","page","type-page","status-publish","hentry"],"aioseo_notices":[],"_links":{"self":[{"href":"https:\/\/www.yamata-japan.co.jp\/pt-pt\/wp-json\/wp\/v2\/pages\/2441","targetHints":{"allow":["GET"]}}],"collection":[{"href":"https:\/\/www.yamata-japan.co.jp\/pt-pt\/wp-json\/wp\/v2\/pages"}],"about":[{"href":"https:\/\/www.yamata-japan.co.jp\/pt-pt\/wp-json\/wp\/v2\/types\/page"}],"author":[{"embeddable":true,"href":"https:\/\/www.yamata-japan.co.jp\/pt-pt\/wp-json\/wp\/v2\/users\/1"}],"replies":[{"embeddable":true,"href":"https:\/\/www.yamata-japan.co.jp\/pt-pt\/wp-json\/wp\/v2\/comments?post=2441"}],"version-history":[{"count":6,"href":"https:\/\/www.yamata-japan.co.jp\/pt-pt\/wp-json\/wp\/v2\/pages\/2441\/revisions"}],"predecessor-version":[{"id":11855,"href":"https:\/\/www.yamata-japan.co.jp\/pt-pt\/wp-json\/wp\/v2\/pages\/2441\/revisions\/11855"}],"wp:attachment":[{"href":"https:\/\/www.yamata-japan.co.jp\/pt-pt\/wp-json\/wp\/v2\/media?parent=2441"}],"curies":[{"name":"wp","href":"https:\/\/api.w.org\/{rel}","templated":true}]}}