{"id":2423,"date":"2021-11-10T14:27:37","date_gmt":"2021-11-10T05:27:37","guid":{"rendered":"https:\/\/test.tono-tk.com\/?page_id=2423"},"modified":"2023-09-21T18:23:00","modified_gmt":"2023-09-21T09:23:00","slug":"process","status":"publish","type":"page","link":"https:\/\/www.yamata-japan.co.jp\/pt-pt\/process","title":{"rendered":"\u5668\u304c\u3067\u304d\u308b\u307e\u3067"},"content":{"rendered":"<p><main role=\"main\" class=\"main_process\"><\/p>\n<section class=\"pagetitle\">\n<div class=\"wrap\">\n<div class=\"heading\">\n<h1 class=\"tit\">Processo de elabora\u00e7\u00e3o dos utens\u00edlios<\/h1>\n<p class=\"tit_en\">PROCESS<\/p>\n<\/div>\n<\/div>\n<\/section>\n<div id=\"lead\" class=\"sec sec_lead\">\n<div class=\"wrap\">\n<h2 class=\"tit\"><strong>Qualidade confi\u00e1vel de classe mundial com t\u00e9cnicas tradicionais milenares<\/strong><\/h2>\n<\/p><\/div>\n<\/div>\n<section id=\"flow\" class=\"sec sec_flow\">\n<div class=\"inner\">\n<ol class=\"ol_flow\">\n<li>\n<h2 class=\"tit\"><strong>Amassando a terra<\/strong><\/h2>\n<div class=\"lo lo1\">\n<div class=\"txt\">\n<div class=\"txt_line\">\n<p>O conte\u00fado de \u00e1gua da argila bruta n\u00e3o \u00e9 uniforme entre as partes externa e intermedi\u00e1ria. Se for moldado sem tratamento, pode causar defeitos ou rachaduras, ent\u00e3o a argila \u00e9 amassada com uma m\u00e1quina chamada amassadeira de argila e o ar que entrou na argila \u00e9 completamente removido para fazer com que a mesma tenha uma consist\u00eancia pegajosa.<\/p>\n<\/div>\n<\/div>\n<div class=\"tmb\"><img decoding=\"async\" src=\"\/site\/img\/process\/proc_ol1_tmb1.jpg\" alt=\"\" \/><\/div>\n<\/div>\n<\/li>\n<li>\n<h2 class=\"tit\"><strong>Moldando<\/strong><\/h2>\n<div class=\"lo lo1\">\n<div class=\"txt\">\n<div class=\"txt_line\">\n<p>A moldagem de utens\u00edlios \u00e9 realizada com uma m\u00e1quina de moldagem autom\u00e1tica. V\u00e1rios modelos podem ser feitos com a m\u00e1quina de moldagem autom\u00e1tica, o que tamb\u00e9m torna poss\u00edvel a produ\u00e7\u00e3o em massa. Outros m\u00e9todos de moldagem incluem moldagem de fundi\u00e7\u00e3o em que a argila \u00e9 derramada em um molde de gesso, moldagem de roda de oleiro em que a argila \u00e9 esticada e moldada conforme gira, e moldagem &#8220;Tatara&#8221; feita de argila em forma de placa.<\/p>\n<\/div>\n<\/div>\n<div class=\"tmb\"><img decoding=\"async\" src=\"\/site\/img\/process\/proc_ol2_tmb1.jpg\" alt=\"\" \/><\/div>\n<\/div>\n<\/li>\n<li>\n<h2 class=\"tit\"><strong>Terracota<\/strong><\/h2>\n<div class=\"lo lo1\">\n<div class=\"txt\">\n<div class=\"txt_line\">\n<p>A massa moldada em v\u00e1rias formas \u00e9 seca a uma temperatura baixa de 800 graus em um forno dedicado para cozimento sem esmaltar ap\u00f3s a remo\u00e7\u00e3o da umidade da massa com um secador natural. Este processo \u00e9 realizado para queimar a mat\u00e9ria org\u00e2nica do solo, melhorar a qualidade atrav\u00e9s do cozimento principal, aumentar a resist\u00eancia da massa e facilitar a decora\u00e7\u00e3o.<\/p>\n<\/div>\n<\/div>\n<div class=\"tmb\"><img decoding=\"async\" src=\"\/site\/img\/process\/proc_ol3_tmb1.jpg\" alt=\"\" \/><\/div>\n<\/div>\n<\/li>\n<li>\n<h2 class=\"tit\"><strong>Aplica\u00e7\u00e3o dos desenhos<\/strong><\/h2>\n<div class=\"lo lo1\">\n<div class=\"txt\">\n<div class=\"txt_line\">\n<p>Os desenhos s\u00e3o aplicados mediante t\u00e9cnicas como tampografia, desenho \u00e0 m\u00e3o, serigrafia, etc. Cores e estampas s\u00e3o adicionadas de acordo com o produto, expressando o estilo com uma ampla gama de m\u00e9todos de pintura, como a interpreta\u00e7\u00e3o da delicadeza com nuances e linhas, outras podem ser brilhantes e h\u00e1 tamb\u00e9m aquelas que podem ser apreciadas atrav\u00e9s de sua textura em relevo.<\/p>\n<\/div>\n<\/div>\n<div class=\"tmb\"><img decoding=\"async\" src=\"\/site\/img\/process\/proc_ol4_tmb1.jpg\" alt=\"\" \/><\/div>\n<\/div>\n<\/li>\n<li>\n<h2 class=\"tit\"><strong>Esmaltado<\/strong><\/h2>\n<div class=\"lo lo1\">\n<div class=\"txt\">\n<div class=\"txt_line\">\n<p>Antes do cozimento principal, aplicamos um esmalte de p\u00f3 v\u00edtreo com \u00e1gua na massa. A cor do esmalte muda muito dependendo da combina\u00e7\u00e3o e expressa as v\u00e1rias cores e texturas do produto. Quando s\u00e3o queimados, eles mudam para dar um acabamento \u00fanico e belo.<\/p>\n<\/div>\n<\/div>\n<div class=\"tmb\"><img decoding=\"async\" src=\"\/site\/img\/process\/proc_ol5_tmb1.jpg\" alt=\"\" \/><\/div>\n<\/div>\n<\/li>\n<li>\n<h2 class=\"tit\"><strong>Entrando no forno<\/strong><\/h2>\n<div class=\"lo lo1\">\n<div class=\"txt\">\n<div class=\"txt_line\">\n<p>Ap\u00f3s completados todos os passos anteriores ao cozimento principal, a massa \u00e9 coberta por uma bainha (Saya) refrat\u00e1ria (de material refrat\u00e1rio) para que as panelas n\u00e3o grudem durante o cozimento. O pod \u00e9 alinhado no carrinho e empilhado. O carrinho que acabou de ser carregado move-se automaticamente em sequ\u00eancia e entra no forno t\u00fanel.<\/p>\n<\/div>\n<\/div>\n<div class=\"tmb\"><img decoding=\"async\" src=\"\/site\/img\/process\/proc_ol6_tmb1.jpg\" alt=\"\" \/><\/div>\n<\/div>\n<\/li>\n<li>\n<h2 class=\"tit\"><strong>Cozimento principal<\/strong><\/h2>\n<div class=\"lo lo1\">\n<div class=\"txt\">\n<div class=\"txt_line\">\n<p>Existem fornos de t\u00fanel para produ\u00e7\u00e3o em massa e fornos intermitentes para produ\u00e7\u00e3o de baixa quantidade de v\u00e1rios tipos de produtos, que s\u00e3o cozidos em alta temperatura de cerca de 1300 graus por aproximadamente 36 horas. Ao assar, o esmalte reage quimicamente para dar cor e brilho, e o esmalte derrete e reveste o material base para suprimir a absor\u00e7\u00e3o de \u00e1gua, motivo pelo qual dificulta que se quebre ou suje.<\/p>\n<\/div>\n<\/div>\n<div class=\"tmb\"><img decoding=\"async\" src=\"\/site\/img\/process\/proc_ol7_tmb1.jpg\" alt=\"\" \/><\/div>\n<\/div>\n<\/li>\n<li>\n<h2 class=\"tit\"><strong>Retirando do forno<\/strong><\/h2>\n<div class=\"lo lo1\">\n<div class=\"txt\">\n<div class=\"txt_line\">\n<p>Finalmente o produto cozido \u00e9 retirado do forno.<\/p>\n<p>Os produtos terminados s\u00e3o coletados e inspecionados um a um visualmente.<\/p>\n<p>Somente os produtos que cumprem com os estritos padr\u00f5es de qualidade ser\u00e3o entregues a todos os usu\u00e1rios no Jap\u00e3o e em todo o mundo.<\/p>\n<\/div>\n<\/div>\n<div class=\"tmb\"><img decoding=\"async\" src=\"\/site\/img\/process\/proc_ol8_tmb1.jpg\" alt=\"\" \/><\/div>\n<\/div>\n<\/li>\n<\/ol>\n<\/div>\n<\/section>\n<section id=\"video\" class=\"sec sec_flow\">\n<div class=\"wrap\">\n<div class=\"gr_yt\">\n<div class=\"blk_yt\">\n<div class=\"hd_chap heading\">\n<h2 class=\"tit_std tit\">Processo de elabora\u00e7\u00e3o dos utens\u00edlios<\/h2>\n<p class=\"tit_en\">The process of making pottery<\/p>\n<\/p><\/div>\n<div class=\"youtube\"><iframe loading=\"lazy\" width=\"560\" height=\"315\" src=\"https:\/\/www.youtube.com\/embed\/a8VrhWI7phQ\" title=\"YouTube video player\" frameborder=\"0\" allow=\"accelerometer; autoplay; clipboard-write; encrypted-media; gyroscope; picture-in-picture\" allowfullscreen><\/iframe><\/div>\n<\/p><\/div>\n<\/div>\n<\/div>\n<\/section>\n<p><\/main><\/p>\n","protected":false},"excerpt":{"rendered":"<p>Processo de elabora\u00e7\u00e3o dos utens\u00edlios PROCESS Qualidade confi\u00e1vel de classe mundial com t\u00e9cnicas tradicionais milenares Amassando a terra O conte\u00fado de \u00e1gua da argila bruta n\u00e3o \u00e9 uniforme entre as partes externa e intermedi\u00e1ria. Se for moldado sem tratamento, pode causar defeitos ou rachaduras, ent\u00e3o a argila \u00e9 amassada com uma m\u00e1quina chamada amassadeira de argila e o ar que entrou na argila \u00e9 completamente removido para fazer com que a mesma tenha uma consist\u00eancia pegajosa. Moldando A moldagem de utens\u00edlios \u00e9 realizada com uma m\u00e1quina de moldagem autom\u00e1tica. V\u00e1rios modelos podem ser feitos com a m\u00e1quina de moldagem autom\u00e1tica, o que tamb\u00e9m torna poss\u00edvel a produ\u00e7\u00e3o em massa. Outros [&hellip;]<\/p>\n","protected":false},"author":1,"featured_media":0,"parent":0,"menu_order":0,"comment_status":"closed","ping_status":"closed","template":"","meta":{"footnotes":""},"class_list":["post-2423","page","type-page","status-publish","hentry"],"aioseo_notices":[],"_links":{"self":[{"href":"https:\/\/www.yamata-japan.co.jp\/pt-pt\/wp-json\/wp\/v2\/pages\/2423","targetHints":{"allow":["GET"]}}],"collection":[{"href":"https:\/\/www.yamata-japan.co.jp\/pt-pt\/wp-json\/wp\/v2\/pages"}],"about":[{"href":"https:\/\/www.yamata-japan.co.jp\/pt-pt\/wp-json\/wp\/v2\/types\/page"}],"author":[{"embeddable":true,"href":"https:\/\/www.yamata-japan.co.jp\/pt-pt\/wp-json\/wp\/v2\/users\/1"}],"replies":[{"embeddable":true,"href":"https:\/\/www.yamata-japan.co.jp\/pt-pt\/wp-json\/wp\/v2\/comments?post=2423"}],"version-history":[{"count":6,"href":"https:\/\/www.yamata-japan.co.jp\/pt-pt\/wp-json\/wp\/v2\/pages\/2423\/revisions"}],"predecessor-version":[{"id":10568,"href":"https:\/\/www.yamata-japan.co.jp\/pt-pt\/wp-json\/wp\/v2\/pages\/2423\/revisions\/10568"}],"wp:attachment":[{"href":"https:\/\/www.yamata-japan.co.jp\/pt-pt\/wp-json\/wp\/v2\/media?parent=2423"}],"curies":[{"name":"wp","href":"https:\/\/api.w.org\/{rel}","templated":true}]}}