{"id":2413,"date":"2021-11-10T14:16:51","date_gmt":"2021-11-10T05:16:51","guid":{"rendered":"https:\/\/test.tono-tk.com\/?page_id=2413"},"modified":"2022-02-07T21:00:39","modified_gmt":"2022-02-07T12:00:39","slug":"company","status":"publish","type":"page","link":"https:\/\/www.yamata-japan.co.jp\/pt-pt\/company","title":{"rendered":"\u30e4\u30de\u30bf\u7cbe\u5cf0\u306b\u3064\u3044\u3066"},"content":{"rendered":"<p><main role=\"main\" class=\"main_company\"><\/p>\n<section class=\"pagetitle\">\n<div class=\"wrap\">\n<div class=\"heading\">\n<h1 class=\"tit\">Yamata Seihou Co., Ltd.<\/h1>\n<p class=\"tit_en\">COMPANY<\/p>\n<\/div>\n<\/div>\n<\/section>\n<section id=\"corporate\" class=\"sec sec_vision\">\n<div class=\"inner\">\n<div class=\"hd_chap heading\">\n<h2 class=\"tit_std tit\">Nosso sentimento<\/h2>\n<p class=\"tit_en\">VISION<\/p>\n<\/div>\n<div class=\"lo lo1\">\n<h3 class=\"tit\">Nossa miss\u00e3o \u00e9 conectar as pessoas e o Jap\u00e3o com o mundo atrav\u00e9s dos utens\u00edlios.<\/h3>\n<div class=\"txt_line\">\n<p>Queremos transmitir o esplendor dos utens\u00edlios japoneses \u201cMino-yaki\u201d, al\u00e9m de conectar o mundo atrav\u00e9s da cer\u00e2mica e da porcelana.<\/p>\n<p>Tamb\u00e9m realizamos opera\u00e7\u00f5es comerciais relacionadas \u00e0 exporta\u00e7\u00e3o para poder entregar utens\u00edlios japoneses &#8220;Mino ware&#8221; a clientes estrangeiros.<\/p>\n<p>As cer\u00e2micas e as porcelanas japonesas, que complementam qualquer prato, japon\u00eas, ocidental e chin\u00eas, s\u00e3o produtos que queremos que as pessoas usem n\u00e3o s\u00f3 no Jap\u00e3o, mas tamb\u00e9m no exterior.<\/p>\n<\/div>\n<\/div>\n<ul class=\"ul_point\">\n<li><img loading=\"lazy\" decoding=\"async\" class=\"alignnone\" src=\"\/site\/img\/company\/lead01_pt.svg\" alt=\"Rede de distribui\u00e7\u00e3o mundial Realizamos todos os procedimentos de transporte, tanto mar\u00edtimo como a\u00e9reo, e propomos solu\u00e7\u00f5es comerciais confort\u00e1veis para satisfazer as necessidades dos nossos clientes.\" width=\"326\" height=\"267\" \/><\/li>\n<li><img loading=\"lazy\" decoding=\"async\" class=\"alignnone\" src=\"\/site\/img\/company\/lead02_pt.svg\" alt=\"Nosso ponto forte \u00e9 estar na zona produtora de cer\u00e2mica e porcelana Existem muitos fornos de cer\u00e2mica nesta zona, que tem a maior produ\u00e7\u00e3o de cer\u00e2mica no Jap\u00e3o. Trabalhamos com uma grande variedade de cer\u00e2micas e porcelanas, desde as tradicionais at\u00e9 as modernas.\" width=\"326\" height=\"267\" \/><\/li>\n<\/ul>\n<\/div>\n<\/section>\n<section id=\"outline\" class=\"sec wow fadeIn wowend\">\n<div class=\"mainimg\"><\/div>\n<div class=\"conts\">\n<div class=\"inner\">\n<div class=\"hd_chap heading\">\n<h2 class=\"tit_std tit\">Perfil da empresa<\/h2>\n<div class=\"hd_chap heading\">\n<p class=\"tit_en\">COMPANY<\/p>\n<\/div>\n<ul class=\"ul_table ul_outline\">\n<li>\n<dl>\n<dt>Company<\/dt>\n<dd>YAMATA SEIHOU Co.,Ltd<\/dd>\n<\/dl>\n<\/li>\n<li>\n<dl>\n<dt>President<\/dt>\n<dd>Isao Mizuno<\/dd>\n<\/dl>\n<\/li>\n<li>\n<dl>\n<dt>Founded<\/dt>\n<dd>1948.4<\/dd>\n<\/dl>\n<\/li>\n<li>\n<dl>\n<dt>Established<\/dt>\n<dd>1991.8<\/dd>\n<\/dl>\n<\/li>\n<li>\n<dl>\n<dt>Address<\/dt>\n<dd>1272 Oroshi-cho, Toki-city, Gifu-pref.509-5202, Japan<\/dd>\n<\/dl>\n<\/li>\n<li>\n<dl>\n<dt>TEL<\/dt>\n<dd>+81-572-57-6872<\/dd>\n<\/dl>\n<\/li>\n<li>\n<dl>\n<dt>FAX<\/dt>\n<dd>+81-572-57-6690<\/dd>\n<\/dl>\n<\/li>\n<li>\n<dl>\n<dt>E-mail<\/dt>\n<dd>info@yamata-japan.co.jp<\/dd>\n<\/dl>\n<\/li>\n<li>\n<dl>\n<dt>URL<\/dt>\n<dd>https:\/\/www.yamata-japan.co.jp<\/dd>\n<\/dl>\n<\/li>\n<li>\n<dl>\n<dt>Capital<\/dt>\n<dd>10,000,000 yen<\/dd>\n<\/dl>\n<\/li>\n<li>\n<dl>\n<dt>Business overview<\/dt>\n<dd>Planning of ceramic products\u3001Domestic and overseas sales<\/dd>\n<\/dl>\n<\/li>\n<\/ul>\n<\/div>\n<div class=\"tmb\"><img decoding=\"async\" src=\"\/site\/img\/company\/outline_tmb1.jpg\" alt=\"\" \/><\/div>\n<\/div>\n<\/div>\n<\/section>\n<section id=\"access\" class=\"share_access sec wow fadeIn wowend\">\n<div class=\"inner\">\n<div class=\"hd_chap heading\">\n<h2 class=\"tit_std tit\">Acesso<\/h2>\n<p class=\"tit_en\">ACCESS<\/p>\n<\/div>\n<div class=\"maparea\"><iframe loading=\"lazy\" style=\"border: 0;\" src=\"https:\/\/www.google.com\/maps\/embed?pb=!1m18!1m12!1m3!1d1768.8252998059236!2d137.19045393961395!3d35.323305208663655!2m3!1f0!2f0!3f0!3m2!1i1024!2i768!4f13.1!3m3!1m2!1s0x600343c375acad5b%3A0x4c0af3fcfe31b965!2z44CSNTA5LTUyMDIg5bKQ6Zic55yM5Zyf5bKQ5biC5LiL55-z55S677yR77yS77yX77yS!5e0!3m2!1sja!2sjp!4v1628557035398!5m2!1sja!2sjp\" width=\"1080\" height=\"550\" allowfullscreen=\"allowfullscreen\"><\/iframe><\/div>\n<ul>\n<li style=\"list-style-type: none;\">\n<ul class=\"ul_std\">\n<li>\n<div class=\"gr\">\n<ul class=\"ul_date\">\n<li class=\"corp_data\" style=\"list-style-type: none;\">\n<ul class=\"ul_std\">\n<li>\n<div class=\"gr\">\n<h3 class=\"tit\">Address<\/h3>\n<p>1272 Oroshi-cho, Toki-city, Gifu-pref.509-5202, Japan<\/p>\n<\/div>\n<\/li>\n<li>\n<div class=\"gr\">\n<h3 class=\"tit\">TEL<\/h3>\n<p>+81-572-57-6872<\/p>\n<\/div>\n<\/li>\n<\/ul>\n<\/li>\n<li class=\"means\">\n<div class=\"gr\">\n<h3 class=\"tit\">Means of transportation<\/h3>\n<ul class=\"ul_root\">\n<li>About 8 minutes&#8217; drive from Tokiminami-Tajimi Interchange<\/li>\n<li>About 8 minutes&#8217; taxi ride from JR Tokishi Station<\/li>\n<\/ul>\n<\/div>\n<\/li>\n<\/ul>\n<\/div>\n<\/li>\n<\/ul>\n<\/li>\n<\/ul>\n<\/div>\n<\/section>\n<p><\/main><\/p>\n","protected":false},"excerpt":{"rendered":"<p>Yamata Seihou Co., Ltd. COMPANY Nosso sentimento VISION Nossa miss\u00e3o \u00e9 conectar as pessoas e o Jap\u00e3o com o mundo atrav\u00e9s dos utens\u00edlios. Queremos transmitir o esplendor dos utens\u00edlios japoneses \u201cMino-yaki\u201d, al\u00e9m de conectar o mundo atrav\u00e9s da cer\u00e2mica e da porcelana. Tamb\u00e9m realizamos opera\u00e7\u00f5es comerciais relacionadas \u00e0 exporta\u00e7\u00e3o para poder entregar utens\u00edlios japoneses &#8220;Mino ware&#8221; a clientes estrangeiros. As cer\u00e2micas e as porcelanas japonesas, que complementam qualquer prato, japon\u00eas, ocidental e chin\u00eas, s\u00e3o produtos que queremos que as pessoas usem n\u00e3o s\u00f3 no Jap\u00e3o, mas tamb\u00e9m no exterior. Perfil da empresa COMPANY Company YAMATA SEIHOU Co.,Ltd President Isao Mizuno Founded 1948.4 Established 1991.8 Address 1272 Oroshi-cho, Toki-city, Gifu-pref.509-5202, Japan [&hellip;]<\/p>\n","protected":false},"author":1,"featured_media":0,"parent":0,"menu_order":0,"comment_status":"closed","ping_status":"closed","template":"","meta":{"footnotes":""},"class_list":["post-2413","page","type-page","status-publish","hentry"],"aioseo_notices":[],"_links":{"self":[{"href":"https:\/\/www.yamata-japan.co.jp\/pt-pt\/wp-json\/wp\/v2\/pages\/2413","targetHints":{"allow":["GET"]}}],"collection":[{"href":"https:\/\/www.yamata-japan.co.jp\/pt-pt\/wp-json\/wp\/v2\/pages"}],"about":[{"href":"https:\/\/www.yamata-japan.co.jp\/pt-pt\/wp-json\/wp\/v2\/types\/page"}],"author":[{"embeddable":true,"href":"https:\/\/www.yamata-japan.co.jp\/pt-pt\/wp-json\/wp\/v2\/users\/1"}],"replies":[{"embeddable":true,"href":"https:\/\/www.yamata-japan.co.jp\/pt-pt\/wp-json\/wp\/v2\/comments?post=2413"}],"version-history":[{"count":7,"href":"https:\/\/www.yamata-japan.co.jp\/pt-pt\/wp-json\/wp\/v2\/pages\/2413\/revisions"}],"predecessor-version":[{"id":9649,"href":"https:\/\/www.yamata-japan.co.jp\/pt-pt\/wp-json\/wp\/v2\/pages\/2413\/revisions\/9649"}],"wp:attachment":[{"href":"https:\/\/www.yamata-japan.co.jp\/pt-pt\/wp-json\/wp\/v2\/media?parent=2413"}],"curies":[{"name":"wp","href":"https:\/\/api.w.org\/{rel}","templated":true}]}}