{"id":2440,"date":"2021-11-10T14:32:22","date_gmt":"2021-11-10T05:32:22","guid":{"rendered":"https:\/\/test.tono-tk.com\/?page_id=2440"},"modified":"2025-01-23T19:47:09","modified_gmt":"2025-01-23T10:47:09","slug":"service","status":"publish","type":"page","link":"https:\/\/www.yamata-japan.co.jp\/es\/service","title":{"rendered":"\u79c1\u305f\u3061\u306b\u3067\u304d\u308b\u3053\u3068"},"content":{"rendered":"<p><main role=\"main\" class=\"main_service\"><\/p>\n<section class=\"pagetitle\">\n<div class=\"wrap\">\n<div class=\"heading\">\n<h1 class=\"tit\"><span style=\"font-size: 18pt;\">De lo que somos capaces<\/span><\/h1>\n<p class=\"tit_en\">SERVICES<\/p>\n<\/div>\n<\/div>\n<\/section>\n<div id=\"lead\" class=\"sec sec_lead\">\n<div class=\"wrap\">\n<h2 class=\"tit\"><span style=\"font-size: 18pt;\">Queremos difundir al mundo la excepcional calidad de esta zona de produccio\u0301n y el esplendor de la vajilla japonesa.<\/span><\/h2>\n<\/div>\n<\/div>\n<section id=\"biz1\" class=\"sec sec_biz sec_biz1\">\n<div class=\"inner\">\n<div class=\"heading\">\n<h2 class=\"tit_sec tit\"><span style=\"font-size: 18pt;\">Ventas de exportacio\u0301n al extranjero<\/span><\/h2>\n<\/div>\n<div class=\"ssec ssec1\">\n<div class=\"one tmb\"><img decoding=\"async\" src=\"\/site\/img\/service\/biz_gr1_tmb1.jpg\" alt=\"\" \/><\/div>\n<div class=\"two\">\n<h3 class=\"tit\">Ofrecemos propuestas integralespara la mejor selecci\u00f3n log\u00edsticay soluciones comerciales convenientes.<\/h3>\n<div class=\"tmb\"><img decoding=\"async\" src=\"\/site\/img\/service\/biz_gr1_tmb2.png\" alt=\"\" \/><\/div>\n<\/div>\n<div class=\"three\">\n<div class=\"txt_line\">\n<p>Nos gustar\u00eda contribuir a enriquecer la vida de las personas de todo el mundo al ser el puente que conecta a las personas de muchos pa\u00edses con cer\u00e1micas &#8220;Made in Japan&#8221; de categor\u00eda mundial.Exportamos vajilla Mino-yaki &#8220;Made in Japan&#8221; de categor\u00eda mundial de calidad contro- lada a usuarios extranjeros.Manejamos todos los acuerdos comerciales de exportaci\u00f3n complicados de los que puede sentirse inseguro manejar como FCL \/ LCL y AAE\/TLC para que su pedido pueda llegar de manera segura.<\/p>\n<\/div>\n<\/div>\n<\/div>\n<div class=\"ssec ssec2\">\n<div class=\"sect_blk sect_blk1\">\n<ul class=\"ul_thum\">\n<li><img decoding=\"async\" src=\"\/site\/img\/service\/biz_gr2_tmb1.jpg\" alt=\"\" \/><\/li>\n<li><img decoding=\"async\" src=\"\/site\/img\/service\/biz_gr2_tmb2.jpg\" alt=\"\" \/><\/li>\n<li><img decoding=\"async\" src=\"\/site\/img\/service\/biz_gr2_tmb3.jpg\" alt=\"\" \/><\/li>\n<li>\n<div class=\"box_txt\">\n<h4 class=\"tit\">FCL(Full Container Load)<\/h4>\n<p>Llevamos el contenedor a las instalaciones de la empresa para manejar el vanning (embalaje).<\/p>\n<\/div>\n<\/li>\n<\/ul>\n<\/div>\n<div class=\"sect_blk sect_blk2\">\n<ul class=\"ul_thum\">\n<li><img decoding=\"async\" src=\"\/site\/img\/service\/biz_gr3_tmb1.jpg\" alt=\"\" \/><\/li>\n<li><img decoding=\"async\" src=\"\/site\/img\/service\/biz_gr3_tmb2.jpg\" alt=\"\" \/><\/li>\n<li><img decoding=\"async\" src=\"\/site\/img\/service\/biz_gr3_tmb3.jpg\" alt=\"\" \/><\/li>\n<li>\n<div class=\"box_txt\">\n<h4 class=\"tit\">LCL(Less Than Container Load)<\/h4>\n<p>Hay menos riesgo de da\u00f1os ya que los productos se empaquetan y env\u00edan en paletas.<\/p>\n<\/div>\n<\/li>\n<\/ul>\n<\/div>\n<div class=\"sect_blk sect_blk3\">\n<ul class=\"ul_thum\">\n<li><img decoding=\"async\" src=\"\/site\/img\/service\/biz_gr4_tmb1.jpg\" alt=\"\" \/><\/li>\n<li>\n<div class=\"box_txt\">\n<h4 class=\"tit\">Air Service(\u822a\u7a7a\u4fbf)<\/h4>\n<p>Enviamos pedidos acelerados a pa\u00edses de todo el mundo r\u00e1pidamente por correo a\u00e9reo puerta a puerta.<\/p>\n<\/div>\n<\/li>\n<\/ul>\n<\/div>\n<\/div>\n<div class=\"ssec ssec3\">\n<div class=\"lo lo1\">\n<div class=\"tmb\"><img decoding=\"async\" src=\"\/site\/img\/service\/biz_gr5_tmb1.png\" alt=\"\" \/><\/div>\n<div class=\"txt\">\n<div class=\"gr\">\n<h4 class=\"tit\">EPA(Economic Partnership Agreement)<\/h4>\n<p>El Acuerdo de Asociaci\u00f3n Econ\u00f3mica (AAE) es un tratado que promueve el comer- cio y la inversi\u00f3n entre pa\u00edses y regiones espec\u00edficos.<\/p>\n<\/div>\n<div class=\"gr\">\n<h4 class=\"tit\">FTA(Free Trade Agreement)<\/h4>\n<p>El Tratado de Libre Comercio (TLC) es un acuerdo para concluir la liberalizaci\u00f3n del comercio entre dos o m\u00e1s pa\u00edses o regiones espec\u00edficos.<\/p>\n<\/div>\n<\/div>\n<\/div>\n<\/div>\n<\/div>\n<\/section>\n<section id=\"biz2\" class=\"sec sec_biz sec_biz2\">\n<div class=\"inner\">\n<div class=\"heading\">\n<h2 class=\"tit_sec tit\">Distribuci\u00f3n mayorista nacional<\/h2>\n<\/div>\n<div class=\"ssec ssec1\">\n<div class=\"tmb\">\n<div class=\"mainimage\"><img decoding=\"async\" src=\"\/site\/img\/service\/biz2_tmb1.jpg\" alt=\"\" \/><\/div>\n<div class=\"subimages\">\n<ul class=\"ul_img\"><!--\n \t\n\n<li><img decoding=\"async\" src=\"\/site\/img\/service\/biz2_tmb2.jpg\" alt=\"\"><\/li>\n\n\n--><\/p>\n<li><img decoding=\"async\" src=\"\/site\/img\/service\/biz2_tmb3.jpg\" alt=\"\" \/><\/li>\n<\/ul>\n<\/div>\n<\/div>\n<div class=\"txt\">\n<div class=\"txt_line\">\n<p>Ofrecemos una amplia selecci\u00f3n de productos para una amplia gama de restau- rantes minoristas y vendedores de volumen en Jap\u00f3n.Tambi\u00e9n vendemos en lotes peque\u00f1os. Nuestra capacidad para entregar productos de manera estable a los clientes en todo el pa\u00eds es nuestra fortaleza.Vigilamos las tendencias diarias del mercado lo que nos permite proporcionar vajil- la que agrada a todas las generaciones desde los productos tradicionales hasta los que reflejan las tendencias recientes.<\/p>\n<\/div>\n<\/div>\n<\/div>\n<\/div>\n<\/section>\n<article id=\"catalog\" class=\"catalog\">\n<div class=\"inner\">\n<h2 class=\"tit_sec tit\">Producci\u00f3n por cat\u00e1logo<\/h2>\n<ul class=\"ul_catalog\">\n<li>\n<div class=\"thum\"><img decoding=\"async\" src=\"\/site\/img\/service\/catalog_thum1.png\" alt=\"\" \/><\/div>\n<p class=\"cap\">Tsunagu<span class=\"att\">\u3064\u306a\u3050<\/span><\/p>\n<div class=\"btn_blk\"><a href=\"https:\/\/www.adjustbook.com\/doc\/us\/11095\/bk\/19202\" target=\"_blank\" class=\"btn_std1 btn\" rel=\"noopener\">Ver el cat\u00e1logo<\/a><\/div>\n<\/li>\n<li>\n<div class=\"thum\"><img decoding=\"async\" src=\"\/site\/img\/service\/catalog_thum2.png\" alt=\"\" \/><\/div>\n<p class=\"cap\">\u5668\u8535<span class=\"att\">KIGURA<\/span><\/p>\n<div class=\"btn_blk\"><a href=\"http:\/\/www.kigura.com\/catalog\/vol12\/book\/\" target=\"_blank\" class=\"btn_std1 btn\" rel=\"noopener\">Ver el cat\u00e1logo<\/a><\/div>\n<\/li>\n<li>\n<div class=\"thum\"><img decoding=\"async\" src=\"\/site\/img\/service\/catalog_thum3.png\" alt=\"\" \/><\/div>\n<p class=\"cap\">TABLE WARE<\/p>\n<div class=\"btn_blk\"><a href=\"\/pdf\/tableware_vol58.pdf\" target=\"_blank\" class=\"btn_std1 btn\" rel=\"noopener\">Ver el cat\u00e1logo<\/a><\/div>\n<\/li>\n<\/ul>\n<p class=\"txt_conv\"><a href=\"\/contact\">P\u00f3ngase en contacto con nosotros aqu\u00ed para solicitar un cat\u00e1logo de folletos.<\/a><\/p>\n<\/div>\n<div class=\"footimg\"><\/div>\n<\/article>\n<p><\/main><\/p>\n","protected":false},"excerpt":{"rendered":"<p>De lo que somos capaces SERVICES Queremos difundir al mundo la excepcional calidad de esta zona de produccio\u0301n y el esplendor de la vajilla japonesa. Ventas de exportacio\u0301n al extranjero Ofrecemos propuestas integralespara la mejor selecci\u00f3n log\u00edsticay soluciones comerciales convenientes. Nos gustar\u00eda contribuir a enriquecer la vida de las personas de todo el mundo al ser el puente que conecta a las personas de muchos pa\u00edses con cer\u00e1micas &#8220;Made in Japan&#8221; de categor\u00eda mundial.Exportamos vajilla Mino-yaki &#8220;Made in Japan&#8221; de categor\u00eda mundial de calidad contro- lada a usuarios extranjeros.Manejamos todos los acuerdos comerciales de exportaci\u00f3n complicados de los que puede sentirse inseguro manejar como FCL \/ LCL y AAE\/TLC para [&hellip;]<\/p>\n","protected":false},"author":1,"featured_media":0,"parent":0,"menu_order":0,"comment_status":"closed","ping_status":"closed","template":"","meta":{"footnotes":""},"class_list":["post-2440","page","type-page","status-publish","hentry"],"aioseo_notices":[],"_links":{"self":[{"href":"https:\/\/www.yamata-japan.co.jp\/es\/wp-json\/wp\/v2\/pages\/2440","targetHints":{"allow":["GET"]}}],"collection":[{"href":"https:\/\/www.yamata-japan.co.jp\/es\/wp-json\/wp\/v2\/pages"}],"about":[{"href":"https:\/\/www.yamata-japan.co.jp\/es\/wp-json\/wp\/v2\/types\/page"}],"author":[{"embeddable":true,"href":"https:\/\/www.yamata-japan.co.jp\/es\/wp-json\/wp\/v2\/users\/1"}],"replies":[{"embeddable":true,"href":"https:\/\/www.yamata-japan.co.jp\/es\/wp-json\/wp\/v2\/comments?post=2440"}],"version-history":[{"count":7,"href":"https:\/\/www.yamata-japan.co.jp\/es\/wp-json\/wp\/v2\/pages\/2440\/revisions"}],"predecessor-version":[{"id":11856,"href":"https:\/\/www.yamata-japan.co.jp\/es\/wp-json\/wp\/v2\/pages\/2440\/revisions\/11856"}],"wp:attachment":[{"href":"https:\/\/www.yamata-japan.co.jp\/es\/wp-json\/wp\/v2\/media?parent=2440"}],"curies":[{"name":"wp","href":"https:\/\/api.w.org\/{rel}","templated":true}]}}