{"id":2399,"date":"2021-11-10T14:08:17","date_gmt":"2021-11-10T05:08:17","guid":{"rendered":"https:\/\/test.tono-tk.com\/?page_id=2399"},"modified":"2023-10-30T01:10:50","modified_gmt":"2023-10-29T16:10:50","slug":"home","status":"publish","type":"page","link":"https:\/\/www.yamata-japan.co.jp\/es","title":{"rendered":"HOME"},"content":{"rendered":"<article id=\"index\">\n<section id=\"top\">\n<div class=\"phrase\">\n<h1 class=\"tit2\"><img decoding=\"async\" src=\"\/site\/img\/index\/key_tit1.svg\" alt=\"\" \/><\/h1>\n<h1 class=\"tit\"><img decoding=\"async\" src=\"\/site\/img\/index\/key_tit2.svg\" alt=\"\" \/><\/h1>\n<\/div>\n<div class=\"swiper-container\">\n<div class=\"swiper-wrapper wow fadeInUp\">\n<div class=\"swiper-slide\">\n<div class=\"slide slide01\"><\/div>\n<\/div>\n<div class=\"swiper-slide\">\n<div class=\"slide slide02\"><\/div>\n<\/div>\n<div class=\"swiper-slide\">\n<div class=\"slide slide03\"><\/div>\n<\/div>\n<div class=\"swiper-slide\">\n<div class=\"slide slide04\"><\/div>\n<\/div>\n<div class=\"swiper-slide\">\n<div class=\"slide slide05\"><\/div>\n<\/div>\n<div class=\"swiper-slide\">\n<div class=\"slide slide06\"><\/div>\n<\/div>\n<\/div>\n<p><!--\n\n\n<div class=\"swiper-pagination\"><\/div>\n\n\n--><\/p>\n<\/div>\n<\/section>\n<section id=\"lead\" class=\"sec\">\n<div class=\"inner\">\n<div class=\"txt_line\">\n<h3 class=\"tit\">Productos de tem\u00e1tica japonesa.<\/h3>\n<h3 class=\"tit\">Entregamos vajilla japonesa que permite degustar las cuatro estaciones en todo el mundo.<\/h3>\n<p>En los \u00faltimos a\u00f1os, la cocina japonesa se ha disfrutado en el extranjero en varios pa\u00edses con la apertura de muchos restaurantes japoneses, y ahora se est\u00e1 convirtiendo en un tipo importante de comida querida por personas de todo el mundo.<\/p>\n<p>Los delicados sabores y colores permiten a los extranjeros experimentar las cuatro estaciones y un estado de \u00e1nimo altamente ex\u00f3tico, y junto con la cocina, se puede decir que la vajilla japonesa tambi\u00e9n es muy aclamada. Creemos que es nuestra misi\u00f3n entregar dicha vajilla japonesa al resto del mundo.<\/p>\n<\/div>\n<div class=\"btn_blk\"><a href=\".\/company\"><span style=\"color: #333333;\">Sobre Yamata Seiho<\/span><\/a><\/div>\n<\/div>\n<\/section>\n<section id=\"service\">\n<div class=\"mainimg\"><\/div>\n<div class=\"conts\">\n<div class=\"wrap\">\n<div class=\"hd_chap heading\">\n<h2 class=\"tit_std tit\">De lo que somos capaces<\/h2>\n<p class=\"tit_en\">SERVICES<\/p>\n<\/div>\n<ul class=\"ul_service\">\n<li>\n<div class=\"tmb\"><img decoding=\"async\" src=\"\/site\/img\/index\/srv_thum1.jpg\" alt=\"\" \/><\/div>\n<div class=\"cap\">\n<h3 class=\"tit\">Ventas de exportaci\u00f3n al extranjero<\/h3>\n<p class=\"desc\">Brindamos apoyo integral con operaciones de exportaci\u00f3n como la carga de productos pedidos y procedimientos de despacho de aduanas para entregar vajilla japonesa a personas en el extranjero, principalmente en Europa, Estados Unidos y Asia.<\/p>\n<\/div>\n<div class=\"btn_blk\"><a class=\"btn_std1 btn\" href=\".\/service#biz1\"><span style=\"color: #333333;\">Ver los detalles<\/span><\/a><\/div>\n<\/li>\n<li>\n<div class=\"tmb\"><img decoding=\"async\" src=\"\/site\/img\/index\/srv_thum2.jpg\" alt=\"\" \/><\/div>\n<div class=\"cap\">\n<h3 class=\"tit\">Distribuci\u00f3n mayorista nacional<\/h3>\n<p class=\"desc\">Ofrecemos una amplia selecci\u00f3n de productos a restaurantes, vendedores de volumen, minoristas y empresas comerciales en todo el pa\u00eds. Siempre esforz\u00e1ndonos por un servicio r\u00e1pido, manejamos una amplia gama de productos, desde aquellos para uso comercial hasta aquellos para usuarios finales.<\/p>\n<\/div>\n<div class=\"btn_blk\"><a class=\"btn_std1 btn\" href=\".\/service#biz2\"><span style=\"color: #333333;\">Ver los detalles<\/span><\/a><\/div>\n<\/li>\n<\/ul>\n<\/div>\n<\/div>\n<\/section>\n<section id=\"catalog\">\n<div class=\"wrap\">\n<div class=\"hd_chap heading\">\n<h2 class=\"tit_std tit\">Tsunagu<\/h2>\n<p class=\"tit_en\">Cat\u00e1logo original &#8220;Tsunagu&#8221;<\/p>\n<\/div>\n<div class=\"txt_line\">\n<h3 class=\"tit\">Un cat\u00e1logo llena de encanto japones<\/h3>\n<p>La hermosa apariencia de la vajilla japonesa de categor\u00eda mundial cuenta con una variedad de colores y texturas.<\/p>\n<p>Introduciendo la belleza tradicional y el modernismo fusionados en una nueva forma brillante.<\/p>\n<p>Distribuimos nuestro &#8220;Cat\u00e1logo Tsunagu&#8221; para conectar con el resto del mundo.<\/p>\n<\/div>\n<\/div>\n<div class=\"pickup\">\n<h4 class=\"tit\">PICK UP<\/h4>\n<div class=\"in_slider slide-paused\">\n<ul class=\"slideshow\">\n<li class=\"std\"><img decoding=\"async\" src=\"\/site\/img\/index\/catalog_tmb01.jpg\" alt=\"\" \/><\/li>\n<li class=\"std\"><img decoding=\"async\" src=\"\/site\/img\/index\/catalog_tmb02.jpg\" alt=\"\" \/><\/li>\n<li class=\"std\"><img decoding=\"async\" src=\"\/site\/img\/index\/catalog_tmb03.jpg\" alt=\"\" \/><\/li>\n<li class=\"std\"><img decoding=\"async\" src=\"\/site\/img\/index\/catalog_tmb04.jpg\" alt=\"\" \/><\/li>\n<li class=\"std\"><img decoding=\"async\" src=\"\/site\/img\/index\/catalog_tmb05.jpg\" alt=\"\" \/><\/li>\n<li class=\"std\"><img decoding=\"async\" src=\"\/site\/img\/index\/catalog_tmb06.jpg\" alt=\"\" \/><\/li>\n<li class=\"std\"><img decoding=\"async\" src=\"\/site\/img\/index\/catalog_tmb07.jpg\" alt=\"\" \/><\/li>\n<li class=\"std\"><img decoding=\"async\" src=\"\/site\/img\/index\/catalog_tmb08.jpg\" alt=\"\" \/><\/li>\n<li class=\"std\"><img decoding=\"async\" src=\"\/site\/img\/index\/catalog_tmb09.jpg\" alt=\"\" \/><\/li>\n<li class=\"std\"><img decoding=\"async\" src=\"\/site\/img\/index\/catalog_tmb10.jpg\" alt=\"\" \/><\/li>\n<li class=\"std\"><img decoding=\"async\" src=\"\/site\/img\/index\/catalog_tmb11.jpg\" alt=\"\" \/><\/li>\n<li class=\"std\"><img decoding=\"async\" src=\"\/site\/img\/index\/catalog_tmb12.jpg\" alt=\"\" \/><\/li>\n<li class=\"std\"><img decoding=\"async\" src=\"\/site\/img\/index\/catalog_tmb13.jpg\" alt=\"\" \/><\/li>\n<li class=\"std\"><img decoding=\"async\" src=\"\/site\/img\/index\/catalog_tmb14.jpg\" alt=\"\" \/><\/li>\n<li class=\"std\"><img decoding=\"async\" src=\"\/site\/img\/index\/catalog_tmb15.jpg\" alt=\"\" \/><\/li>\n<li class=\"std\"><img decoding=\"async\" src=\"\/site\/img\/index\/catalog_tmb16.jpg\" alt=\"\" \/><\/li>\n<li class=\"std\"><img decoding=\"async\" src=\"\/site\/img\/index\/catalog_tmb17.jpg\" alt=\"\" \/><\/li>\n<li class=\"std\"><img decoding=\"async\" src=\"\/site\/img\/index\/catalog_tmb18.jpg\" alt=\"\" \/><\/li>\n<li class=\"std\"><img decoding=\"async\" src=\"\/site\/img\/index\/catalog_tmb19.jpg\" alt=\"\" \/><\/li>\n<li class=\"std\"><img decoding=\"async\" src=\"\/site\/img\/index\/catalog_tmb20.jpg\" alt=\"\" \/><\/li>\n<\/ul>\n<p><!--\u753b\u50cf\u3092\uff12\u56de\u8aad\u307f\u8fbc\u3080\u306f\u9014\u5207\u308c\u306a\u304f\u3059\u308b\u305f\u3081--><\/p>\n<ul class=\"slideshow\">\n<li class=\"std\"><img decoding=\"async\" src=\"\/site\/img\/index\/catalog_tmb01.jpg\" alt=\"\" \/><\/li>\n<li class=\"std\"><img decoding=\"async\" src=\"\/site\/img\/index\/catalog_tmb02.jpg\" alt=\"\" \/><\/li>\n<li class=\"std\"><img decoding=\"async\" src=\"\/site\/img\/index\/catalog_tmb03.jpg\" alt=\"\" \/><\/li>\n<li class=\"std\"><img decoding=\"async\" src=\"\/site\/img\/index\/catalog_tmb04.jpg\" alt=\"\" \/><\/li>\n<li class=\"std\"><img decoding=\"async\" src=\"\/site\/img\/index\/catalog_tmb05.jpg\" alt=\"\" \/><\/li>\n<li class=\"std\"><img decoding=\"async\" src=\"\/site\/img\/index\/catalog_tmb06.jpg\" alt=\"\" \/><\/li>\n<li class=\"std\"><img decoding=\"async\" src=\"\/site\/img\/index\/catalog_tmb07.jpg\" alt=\"\" \/><\/li>\n<li class=\"std\"><img decoding=\"async\" src=\"\/site\/img\/index\/catalog_tmb08.jpg\" alt=\"\" \/><\/li>\n<li class=\"std\"><img decoding=\"async\" src=\"\/site\/img\/index\/catalog_tmb09.jpg\" alt=\"\" \/><\/li>\n<li class=\"std\"><img decoding=\"async\" src=\"\/site\/img\/index\/catalog_tmb10.jpg\" alt=\"\" \/><\/li>\n<li class=\"std\"><img decoding=\"async\" src=\"\/site\/img\/index\/catalog_tmb11.jpg\" alt=\"\" \/><\/li>\n<li class=\"std\"><img decoding=\"async\" src=\"\/site\/img\/index\/catalog_tmb12.jpg\" alt=\"\" \/><\/li>\n<li class=\"std\"><img decoding=\"async\" src=\"\/site\/img\/index\/catalog_tmb13.jpg\" alt=\"\" \/><\/li>\n<li class=\"std\"><img decoding=\"async\" src=\"\/site\/img\/index\/catalog_tmb14.jpg\" alt=\"\" \/><\/li>\n<li class=\"std\"><img decoding=\"async\" src=\"\/site\/img\/index\/catalog_tmb15.jpg\" alt=\"\" \/><\/li>\n<li class=\"std\"><img decoding=\"async\" src=\"\/site\/img\/index\/catalog_tmb16.jpg\" alt=\"\" \/><\/li>\n<li class=\"std\"><img decoding=\"async\" src=\"\/site\/img\/index\/catalog_tmb17.jpg\" alt=\"\" \/><\/li>\n<li class=\"std\"><img decoding=\"async\" src=\"\/site\/img\/index\/catalog_tmb18.jpg\" alt=\"\" \/><\/li>\n<li class=\"std\"><img decoding=\"async\" src=\"\/site\/img\/index\/catalog_tmb19.jpg\" alt=\"\" \/><\/li>\n<li class=\"std\"><img decoding=\"async\" src=\"\/site\/img\/index\/catalog_tmb20.jpg\" alt=\"\" \/><\/li>\n<\/ul>\n<\/div>\n<\/div>\n<div class=\"btn_blk\">\n\t<a class=\"btn_std1 btn\" href=\".\/catalog\">Ver el cat\u00e1logo<\/a>\n<\/div>\n<\/section>\n<section id=\"process\">\n<div class=\"mainimg\"><\/div>\n<div class=\"conts\">\n<div class=\"wrap\">\n<div class=\"gr_yt\">\n<div class=\"blk_yt\">\n<div class=\"hd_chap heading\">\n<h2 class=\"tit_std tit\">El proceso de fabricaci\u00f3n de recipientes<\/h2>\n<p class=\"tit_en\">The process of making pottery<\/p>\n<\/p><\/div>\n<div class=\"youtube\"><iframe loading=\"lazy\" width=\"560\" height=\"315\" src=\"https:\/\/www.youtube.com\/embed\/a8VrhWI7phQ\" title=\"YouTube video player\" frameborder=\"0\" allow=\"accelerometer; autoplay; clipboard-write; encrypted-media; gyroscope; picture-in-picture\" allowfullscreen><\/iframe><\/div>\n<div class=\"btn_blk\"><a class=\"btn_std1 btn\" href=\".\/process\"><span style=\"color: #333333;\">Ver explicaci\u00f3n<\/span><\/a><\/div>\n<\/p><\/div>\n<div class=\"blk_yt\">\n<div class=\"hd_chap heading\">\n<h2 class=\"tit_std tit\">Acerca de YAMATA SEIHOU Co.,Ltd<\/h2>\n<p class=\"tit_en\">Corporate information<\/p>\n<\/p><\/div>\n<div class=\"youtube\"><iframe loading=\"lazy\" width=\"560\" height=\"315\" src=\"https:\/\/www.youtube.com\/embed\/ewdNCThBfQo?si=7OsZcd5XYLRyUoEp\" title=\"YouTube video player\" frameborder=\"0\" allow=\"accelerometer; autoplay; clipboard-write; encrypted-media; gyroscope; picture-in-picture; web-share\" allowfullscreen><\/iframe><\/div>\n<\/p><\/div>\n<\/div>\n<\/div>\n<\/div>\n<\/section>\n<\/article>\n","protected":false},"excerpt":{"rendered":"<p>Productos de tem\u00e1tica japonesa. Entregamos vajilla japonesa que permite degustar las cuatro estaciones en todo el mundo. En los \u00faltimos a\u00f1os, la cocina japonesa se ha disfrutado en el extranjero en varios pa\u00edses con la apertura de muchos restaurantes japoneses, y ahora se est\u00e1 convirtiendo en un tipo importante de comida querida por personas de todo el mundo. Los delicados sabores y colores permiten a los extranjeros experimentar las cuatro estaciones y un estado de \u00e1nimo altamente ex\u00f3tico, y junto con la cocina, se puede decir que la vajilla japonesa tambi\u00e9n es muy aclamada. Creemos que es nuestra misi\u00f3n entregar dicha vajilla japonesa al resto del mundo. Sobre Yamata Seiho [&hellip;]<\/p>\n","protected":false},"author":1,"featured_media":0,"parent":0,"menu_order":0,"comment_status":"closed","ping_status":"closed","template":"","meta":{"footnotes":""},"class_list":["post-2399","page","type-page","status-publish","hentry"],"aioseo_notices":[],"_links":{"self":[{"href":"https:\/\/www.yamata-japan.co.jp\/es\/wp-json\/wp\/v2\/pages\/2399","targetHints":{"allow":["GET"]}}],"collection":[{"href":"https:\/\/www.yamata-japan.co.jp\/es\/wp-json\/wp\/v2\/pages"}],"about":[{"href":"https:\/\/www.yamata-japan.co.jp\/es\/wp-json\/wp\/v2\/types\/page"}],"author":[{"embeddable":true,"href":"https:\/\/www.yamata-japan.co.jp\/es\/wp-json\/wp\/v2\/users\/1"}],"replies":[{"embeddable":true,"href":"https:\/\/www.yamata-japan.co.jp\/es\/wp-json\/wp\/v2\/comments?post=2399"}],"version-history":[{"count":5,"href":"https:\/\/www.yamata-japan.co.jp\/es\/wp-json\/wp\/v2\/pages\/2399\/revisions"}],"predecessor-version":[{"id":10606,"href":"https:\/\/www.yamata-japan.co.jp\/es\/wp-json\/wp\/v2\/pages\/2399\/revisions\/10606"}],"wp:attachment":[{"href":"https:\/\/www.yamata-japan.co.jp\/es\/wp-json\/wp\/v2\/media?parent=2399"}],"curies":[{"name":"wp","href":"https:\/\/api.w.org\/{rel}","templated":true}]}}